{"id":1412,"date":"2025-03-28T21:47:23","date_gmt":"2025-03-28T20:47:23","guid":{"rendered":"https:\/\/www.mtknowledge.com\/home\/"},"modified":"2026-04-16T22:25:27","modified_gmt":"2026-04-16T20:25:27","slug":"home","status":"publish","type":"page","link":"https:\/\/www.mtknowledge.com\/en\/","title":{"rendered":"Home"},"content":{"rendered":"<div data-elementor-type=\"wp-page\" data-elementor-id=\"1412\" class=\"elementor elementor-1412\">\n\t\t\t\t<div class=\"elementor-element elementor-element-2cb5f4f e-flex e-con-boxed e-con e-parent\" data-id=\"2cb5f4f\" data-element_type=\"container\" data-e-type=\"container\" data-settings=\"{&quot;background_background&quot;:&quot;video&quot;,&quot;background_video_link&quot;:&quot;https:\\\/\\\/www.mtknowledge.com\\\/wp-content\\\/uploads\\\/2025\\\/06\\\/Logo-web.mp4&quot;}\">\n\t\t\t\t\t<div class=\"e-con-inner\">\n\t\t<div class=\"elementor-background-video-container elementor-hidden-mobile\">\n\t\t\t\t\t\t\t<video class=\"elementor-background-video-hosted\" role=\"presentation\" autoplay muted playsinline loop><\/video>\n\t\t\t\t\t<\/div><div class=\"elementor-element elementor-element-fe6a729 e-con-full e-flex e-con e-child\" data-id=\"fe6a729\" data-element_type=\"container\" data-e-type=\"container\">\n\t\t\t\t<\/div>\n\t\t\t\t\t<\/div>\n\t\t\t\t<\/div>\n\t\t<div class=\"elementor-element elementor-element-556ef17 e-flex e-con-boxed e-con e-parent\" data-id=\"556ef17\" data-element_type=\"container\" data-e-type=\"container\" data-settings=\"{&quot;background_background&quot;:&quot;classic&quot;}\">\n\t\t\t\t\t<div class=\"e-con-inner\">\n\t\t<div class=\"elementor-element elementor-element-40552d9 e-con-full e-flex e-con e-child\" data-id=\"40552d9\" data-element_type=\"container\" data-e-type=\"container\">\n\t\t\t\t<div class=\"elementor-element elementor-element-31aac20 elementor-widget elementor-widget-text-editor\" data-id=\"31aac20\" data-element_type=\"widget\" data-e-type=\"widget\" data-widget_type=\"text-editor.default\">\n\t\t\t\t<div class=\"elementor-widget-container\">\n\t\t\t\t\t\t\t\t\t<h2 style=\"text-align: center;\"><span style=\"color: #ffffff;\">Alguno de nuestros Proyectos<\/span><\/h2>\t\t\t\t\t\t\t\t<\/div>\n\t\t\t\t<\/div>\n\t\t\t\t<div class=\"elementor-element elementor-element-e9a8110 elementor-widget-divider--view-line elementor-widget elementor-widget-divider\" data-id=\"e9a8110\" data-element_type=\"widget\" data-e-type=\"widget\" data-widget_type=\"divider.default\">\n\t\t\t\t<div class=\"elementor-widget-container\">\n\t\t\t\t\t\t\t<div class=\"elementor-divider\">\n\t\t\t<span class=\"elementor-divider-separator\">\n\t\t\t\t\t\t<\/span>\n\t\t<\/div>\n\t\t\t\t\t\t<\/div>\n\t\t\t\t<\/div>\n\t\t<div class=\"elementor-element elementor-element-0e50bf9 e-con-full e-flex e-con e-child\" data-id=\"0e50bf9\" data-element_type=\"container\" data-e-type=\"container\">\n\t\t<div class=\"elementor-element elementor-element-b2acd4a e-con-full e-flex e-con e-child\" data-id=\"b2acd4a\" data-element_type=\"container\" data-e-type=\"container\">\n\t\t\t\t<div class=\"elementor-element elementor-element-5818b3c elementor-widget elementor-widget-image\" data-id=\"5818b3c\" data-element_type=\"widget\" data-e-type=\"widget\" data-widget_type=\"image.default\">\n\t\t\t\t<div class=\"elementor-widget-container\">\n\t\t\t\t\t\t\t\t\t\t\t\t\t\t\t<img fetchpriority=\"high\" decoding=\"async\" width=\"8192\" height=\"6144\" src=\"https:\/\/www.mtknowledge.com\/wp-content\/uploads\/2026\/04\/Arduino_nano_top-copia.jpg\" class=\"attachment-full size-full wp-image-2195\" alt=\"\" srcset=\"https:\/\/www.mtknowledge.com\/wp-content\/uploads\/2026\/04\/Arduino_nano_top-copia.jpg 8192w, https:\/\/www.mtknowledge.com\/wp-content\/uploads\/2026\/04\/Arduino_nano_top-copia-300x225.jpg 300w, https:\/\/www.mtknowledge.com\/wp-content\/uploads\/2026\/04\/Arduino_nano_top-copia-1024x768.jpg 1024w, https:\/\/www.mtknowledge.com\/wp-content\/uploads\/2026\/04\/Arduino_nano_top-copia-768x576.jpg 768w, https:\/\/www.mtknowledge.com\/wp-content\/uploads\/2026\/04\/Arduino_nano_top-copia-16x12.jpg 16w\" sizes=\"(max-width: 8192px) 100vw, 8192px\" \/>\t\t\t\t\t\t\t\t\t\t\t\t\t\t\t<\/div>\n\t\t\t\t<\/div>\n\t\t\t\t<div class=\"elementor-element elementor-element-62827fe elementor-widget elementor-widget-text-editor\" data-id=\"62827fe\" data-element_type=\"widget\" data-e-type=\"widget\" data-widget_type=\"text-editor.default\">\n\t\t\t\t<div class=\"elementor-widget-container\">\n\t\t\t\t\t\t\t\t\t<h3 style=\"text-align: center;\"><span style=\"color: #ffffff;\">Sensor de Humedad para CPD<\/span><\/h3>\t\t\t\t\t\t\t\t<\/div>\n\t\t\t\t<\/div>\n\t\t\t\t<div class=\"elementor-element elementor-element-9570369 elementor-widget elementor-widget-text-editor\" data-id=\"9570369\" data-element_type=\"widget\" data-e-type=\"widget\" data-widget_type=\"text-editor.default\">\n\t\t\t\t<div class=\"elementor-widget-container\">\n\t\t\t\t\t\t\t\t\t<p><span style=\"color: #ffffff;\">Lo que se presenta arriba es un prototipo de sensor de humedad y temperatura hecho con una Arduino NANO para monitorear el estado de la sala donde se encuentran nuestros equipos inform\u00e1ticos.<\/span><br \/><span style=\"color: #ffffff;\">Equipado con 3 LEDs de diferentes colores que indican el nivel de humedad de la habitaci\u00f3n y un speaker que se activa al detectar un alto nivel de humedad<\/span><\/p>\t\t\t\t\t\t\t\t<\/div>\n\t\t\t\t<\/div>\n\t\t\t\t<\/div>\n\t\t<div class=\"elementor-element elementor-element-80afafb e-con-full e-flex e-con e-child\" data-id=\"80afafb\" data-element_type=\"container\" data-e-type=\"container\">\n\t\t\t\t<div class=\"elementor-element elementor-element-e2faee6 elementor-widget elementor-widget-image\" data-id=\"e2faee6\" data-element_type=\"widget\" data-e-type=\"widget\" data-widget_type=\"image.default\">\n\t\t\t\t<div class=\"elementor-widget-container\">\n\t\t\t\t\t\t\t\t\t\t\t\t\t\t\t<img decoding=\"async\" width=\"8192\" height=\"6144\" src=\"https:\/\/www.mtknowledge.com\/wp-content\/uploads\/2026\/04\/IMG_20250422_213708_267-copia.jpg\" class=\"attachment-full size-full wp-image-2194\" alt=\"\" srcset=\"https:\/\/www.mtknowledge.com\/wp-content\/uploads\/2026\/04\/IMG_20250422_213708_267-copia.jpg 8192w, https:\/\/www.mtknowledge.com\/wp-content\/uploads\/2026\/04\/IMG_20250422_213708_267-copia-300x225.jpg 300w, https:\/\/www.mtknowledge.com\/wp-content\/uploads\/2026\/04\/IMG_20250422_213708_267-copia-1024x768.jpg 1024w, https:\/\/www.mtknowledge.com\/wp-content\/uploads\/2026\/04\/IMG_20250422_213708_267-copia-768x576.jpg 768w, https:\/\/www.mtknowledge.com\/wp-content\/uploads\/2026\/04\/IMG_20250422_213708_267-copia-16x12.jpg 16w\" sizes=\"(max-width: 8192px) 100vw, 8192px\" \/>\t\t\t\t\t\t\t\t\t\t\t\t\t\t\t<\/div>\n\t\t\t\t<\/div>\n\t\t\t\t<div class=\"elementor-element elementor-element-19eeeb2 elementor-widget elementor-widget-text-editor\" data-id=\"19eeeb2\" data-element_type=\"widget\" data-e-type=\"widget\" data-widget_type=\"text-editor.default\">\n\t\t\t\t<div class=\"elementor-widget-container\">\n\t\t\t\t\t\t\t\t\t<h3 style=\"text-align: center;\"><span style=\"color: #ffffff;\">Mini Monitor de Recursos<\/span><\/h3>\t\t\t\t\t\t\t\t<\/div>\n\t\t\t\t<\/div>\n\t\t\t\t<div class=\"elementor-element elementor-element-03f593e elementor-widget elementor-widget-text-editor\" data-id=\"03f593e\" data-element_type=\"widget\" data-e-type=\"widget\" data-widget_type=\"text-editor.default\">\n\t\t\t\t<div class=\"elementor-widget-container\">\n\t\t\t\t\t\t\t\t\t<p><span style=\"color: #ffffff;\">Uno de nuestros \u00faltimos proyectos con la ESP32 en el cual se muestra como se ha conectado una pantalla LCD a la placa para monitorear sus recursos de hardware y temperatura<\/span><\/p>\t\t\t\t\t\t\t\t<\/div>\n\t\t\t\t<\/div>\n\t\t\t\t<\/div>\n\t\t\t\t<\/div>\n\t\t\t\t<\/div>\n\t\t\t\t\t<\/div>\n\t\t\t\t<\/div>\n\t\t<div class=\"elementor-element elementor-element-6ea1012 e-flex e-con-boxed e-con e-parent\" data-id=\"6ea1012\" data-element_type=\"container\" data-e-type=\"container\" data-settings=\"{&quot;background_background&quot;:&quot;classic&quot;}\">\n\t\t\t\t\t<div class=\"e-con-inner\">\n\t\t<div class=\"elementor-element elementor-element-afbaad3 e-con-full e-flex e-con e-child\" data-id=\"afbaad3\" data-element_type=\"container\" data-e-type=\"container\">\n\t\t\t\t<div class=\"elementor-element elementor-element-f3734ab elementor-widget__width-initial elementor-widget elementor-widget-image\" data-id=\"f3734ab\" data-element_type=\"widget\" data-e-type=\"widget\" data-widget_type=\"image.default\">\n\t\t\t\t<div class=\"elementor-widget-container\">\n\t\t\t\t\t\t\t\t\t\t\t\t\t\t\t<img decoding=\"async\" width=\"1024\" height=\"768\" src=\"https:\/\/www.mtknowledge.com\/wp-content\/uploads\/2026\/04\/switch-scaled-copia-1024x768.jpg\" class=\"attachment-large size-large wp-image-2197\" alt=\"\" srcset=\"https:\/\/www.mtknowledge.com\/wp-content\/uploads\/2026\/04\/switch-scaled-copia-1024x768.jpg 1024w, https:\/\/www.mtknowledge.com\/wp-content\/uploads\/2026\/04\/switch-scaled-copia-300x225.jpg 300w, https:\/\/www.mtknowledge.com\/wp-content\/uploads\/2026\/04\/switch-scaled-copia-768x576.jpg 768w, https:\/\/www.mtknowledge.com\/wp-content\/uploads\/2026\/04\/switch-scaled-copia-1536x1152.jpg 1536w, https:\/\/www.mtknowledge.com\/wp-content\/uploads\/2026\/04\/switch-scaled-copia-2048x1536.jpg 2048w, https:\/\/www.mtknowledge.com\/wp-content\/uploads\/2026\/04\/switch-scaled-copia-16x12.jpg 16w\" sizes=\"(max-width: 1024px) 100vw, 1024px\" \/>\t\t\t\t\t\t\t\t\t\t\t\t\t\t\t<\/div>\n\t\t\t\t<\/div>\n\t\t\t\t<\/div>\n\t\t<div class=\"elementor-element elementor-element-179505a e-con-full e-flex e-con e-child\" data-id=\"179505a\" data-element_type=\"container\" data-e-type=\"container\">\n\t\t\t\t<div class=\"elementor-element elementor-element-c004b04 elementor-widget elementor-widget-heading\" data-id=\"c004b04\" data-element_type=\"widget\" data-e-type=\"widget\" data-widget_type=\"heading.default\">\n\t\t\t\t<div class=\"elementor-widget-container\">\n\t\t\t\t\t<h2 class=\"elementor-heading-title elementor-size-default\">Montaje de Redes y Sistemas<\/h2>\t\t\t\t<\/div>\n\t\t\t\t<\/div>\n\t\t\t\t<div class=\"elementor-element elementor-element-ccfcc53 elementor-widget elementor-widget-text-editor\" data-id=\"ccfcc53\" data-element_type=\"widget\" data-e-type=\"widget\" data-widget_type=\"text-editor.default\">\n\t\t\t\t<div class=\"elementor-widget-container\">\n\t\t\t\t\t\t\t\t\t<p>A parte de placas de desarrollo, nuestra especialidad son los despliegues f\u00edsicos de equipos y redes inform\u00e1ticas<\/p>\t\t\t\t\t\t\t\t<\/div>\n\t\t\t\t<\/div>\n\t\t\t\t<div class=\"elementor-element elementor-element-48bc044 elementor-widget elementor-widget-text-editor\" data-id=\"48bc044\" data-element_type=\"widget\" data-e-type=\"widget\" data-widget_type=\"text-editor.default\">\n\t\t\t\t<div class=\"elementor-widget-container\">\n\t\t\t\t\t\t\t\t\t<p><span style=\"color: #ffffff;\">Tenemos lo mas r\u00e1pido de la fibra \u00f3ptica, switches 10gbps con m\u00f3dulos transceptores sfp+ de fibra monomodo, multimodo y transceptores sfp ethernet 1gbps<\/span><\/p>\t\t\t\t\t\t\t\t<\/div>\n\t\t\t\t<\/div>\n\t\t\t\t<div class=\"elementor-element elementor-element-568940a elementor-widget elementor-widget-image\" data-id=\"568940a\" data-element_type=\"widget\" data-e-type=\"widget\" data-widget_type=\"image.default\">\n\t\t\t\t<div class=\"elementor-widget-container\">\n\t\t\t\t\t\t\t\t\t\t\t\t\t\t\t<img loading=\"lazy\" decoding=\"async\" width=\"1024\" height=\"768\" src=\"https:\/\/www.mtknowledge.com\/wp-content\/uploads\/2026\/04\/fiber-switch-scaled-copia-1024x768.jpg\" class=\"attachment-large size-large wp-image-2198\" alt=\"\" srcset=\"https:\/\/www.mtknowledge.com\/wp-content\/uploads\/2026\/04\/fiber-switch-scaled-copia-1024x768.jpg 1024w, https:\/\/www.mtknowledge.com\/wp-content\/uploads\/2026\/04\/fiber-switch-scaled-copia-300x225.jpg 300w, https:\/\/www.mtknowledge.com\/wp-content\/uploads\/2026\/04\/fiber-switch-scaled-copia-768x576.jpg 768w, https:\/\/www.mtknowledge.com\/wp-content\/uploads\/2026\/04\/fiber-switch-scaled-copia-1536x1152.jpg 1536w, https:\/\/www.mtknowledge.com\/wp-content\/uploads\/2026\/04\/fiber-switch-scaled-copia-2048x1536.jpg 2048w, https:\/\/www.mtknowledge.com\/wp-content\/uploads\/2026\/04\/fiber-switch-scaled-copia-16x12.jpg 16w\" sizes=\"(max-width: 1024px) 100vw, 1024px\" \/>\t\t\t\t\t\t\t\t\t\t\t\t\t\t\t<\/div>\n\t\t\t\t<\/div>\n\t\t\t\t<\/div>\n\t\t\t\t\t<\/div>\n\t\t\t\t<\/div>\n\t\t<div class=\"elementor-element elementor-element-ad0cf5f e-flex e-con-boxed e-con e-parent\" data-id=\"ad0cf5f\" data-element_type=\"container\" data-e-type=\"container\" data-settings=\"{&quot;background_background&quot;:&quot;classic&quot;}\">\n\t\t\t\t\t<div class=\"e-con-inner\">\n\t\t<div class=\"elementor-element elementor-element-4a748ee e-con-full e-flex e-con e-child\" data-id=\"4a748ee\" data-element_type=\"container\" data-e-type=\"container\">\n\t\t<div class=\"elementor-element elementor-element-bc902d9 e-con-full e-flex e-con e-child\" data-id=\"bc902d9\" data-element_type=\"container\" data-e-type=\"container\">\n\t\t\t\t<div class=\"elementor-element elementor-element-0ede812 elementor-widget elementor-widget-text-editor\" data-id=\"0ede812\" data-element_type=\"widget\" data-e-type=\"widget\" data-widget_type=\"text-editor.default\">\n\t\t\t\t<div class=\"elementor-widget-container\">\n\t\t\t\t\t\t\t\t\t<h2><span style=\"color: #ffffff;\">Otros servicios<\/span><\/h2>\t\t\t\t\t\t\t\t<\/div>\n\t\t\t\t<\/div>\n\t\t\t\t<div class=\"elementor-element elementor-element-ce554e8 elementor-widget elementor-widget-text-editor\" data-id=\"ce554e8\" data-element_type=\"widget\" data-e-type=\"widget\" data-widget_type=\"text-editor.default\">\n\t\t\t\t<div class=\"elementor-widget-container\">\n\t\t\t\t\t\t\t\t\t<p><span style=\"color: #ffffff;\">En nuestra empresa tambien nos dedicamos a las decoraciones y reposiciones de piezas.<\/span><br \/><span style=\"color: #ffffff;\">\u00bfAlguna vez se te ha estropeado una pieza muy especifica de una herramienta o maquina que no das encontrado? <\/span><span style=\"color: #ffffff;\">!Nosotros tenemos la soluci\u00f3n!!\u00a0<\/span><\/p><p><span style=\"color: #ffffff;\">Si te interesa aqui hay m\u00e1s sobre nuestros<\/span> <a href=\"https:\/\/www.mtknowledge.com\/en\/impresiones-3d\/\">desarroyos 3D<\/a><\/p>\t\t\t\t\t\t\t\t<\/div>\n\t\t\t\t<\/div>\n\t\t\t\t<\/div>\n\t\t\t\t<\/div>\n\t\t<div class=\"elementor-element elementor-element-ff5fc23 e-con-full e-flex e-con e-child\" data-id=\"ff5fc23\" data-element_type=\"container\" data-e-type=\"container\">\n\t\t<div class=\"elementor-element elementor-element-b6ff6a0 e-con-full e-flex e-con e-child\" data-id=\"b6ff6a0\" data-element_type=\"container\" data-e-type=\"container\">\n\t\t\t\t<div class=\"elementor-element elementor-element-76399ca elementor-widget elementor-widget-image\" data-id=\"76399ca\" data-element_type=\"widget\" data-e-type=\"widget\" data-widget_type=\"image.default\">\n\t\t\t\t<div class=\"elementor-widget-container\">\n\t\t\t\t\t\t\t\t\t\t\t\t\t\t\t<img loading=\"lazy\" decoding=\"async\" width=\"1024\" height=\"768\" src=\"https:\/\/www.mtknowledge.com\/wp-content\/uploads\/2026\/04\/compressor-scaled-copia-1024x768.jpg\" class=\"attachment-large size-large wp-image-2199\" alt=\"\" srcset=\"https:\/\/www.mtknowledge.com\/wp-content\/uploads\/2026\/04\/compressor-scaled-copia-1024x768.jpg 1024w, https:\/\/www.mtknowledge.com\/wp-content\/uploads\/2026\/04\/compressor-scaled-copia-300x225.jpg 300w, https:\/\/www.mtknowledge.com\/wp-content\/uploads\/2026\/04\/compressor-scaled-copia-768x576.jpg 768w, https:\/\/www.mtknowledge.com\/wp-content\/uploads\/2026\/04\/compressor-scaled-copia-1536x1152.jpg 1536w, https:\/\/www.mtknowledge.com\/wp-content\/uploads\/2026\/04\/compressor-scaled-copia-2048x1536.jpg 2048w, https:\/\/www.mtknowledge.com\/wp-content\/uploads\/2026\/04\/compressor-scaled-copia-16x12.jpg 16w\" sizes=\"(max-width: 1024px) 100vw, 1024px\" \/>\t\t\t\t\t\t\t\t\t\t\t\t\t\t\t<\/div>\n\t\t\t\t<\/div>\n\t\t\t\t<\/div>\n\t\t\t\t<div class=\"elementor-element elementor-element-1ae93b7 elementor-widget elementor-widget-text-editor\" data-id=\"1ae93b7\" data-element_type=\"widget\" data-e-type=\"widget\" data-widget_type=\"text-editor.default\">\n\t\t\t\t<div class=\"elementor-widget-container\">\n\t\t\t\t\t\t\t\t\t<p><span style=\"color: #ffffff;\">En la imagen se muestra como queda un filtro para el aceite de un compresor de aire impreso con PC negro<\/span><\/p>\t\t\t\t\t\t\t\t<\/div>\n\t\t\t\t<\/div>\n\t\t<div class=\"elementor-element elementor-element-b5cca5f e-con-full e-flex e-con e-child\" data-id=\"b5cca5f\" data-element_type=\"container\" data-e-type=\"container\">\n\t\t\t\t<div class=\"elementor-element elementor-element-89cd348 elementor-widget elementor-widget-image\" data-id=\"89cd348\" data-element_type=\"widget\" data-e-type=\"widget\" data-widget_type=\"image.default\">\n\t\t\t\t<div class=\"elementor-widget-container\">\n\t\t\t\t\t\t\t\t\t\t\t\t\t\t\t<img loading=\"lazy\" decoding=\"async\" width=\"2048\" height=\"1536\" src=\"https:\/\/www.mtknowledge.com\/wp-content\/uploads\/2026\/04\/3d-supportjpg-copia.jpg\" class=\"attachment-full size-full wp-image-2200\" alt=\"\" srcset=\"https:\/\/www.mtknowledge.com\/wp-content\/uploads\/2026\/04\/3d-supportjpg-copia.jpg 2048w, https:\/\/www.mtknowledge.com\/wp-content\/uploads\/2026\/04\/3d-supportjpg-copia-300x225.jpg 300w, https:\/\/www.mtknowledge.com\/wp-content\/uploads\/2026\/04\/3d-supportjpg-copia-1024x768.jpg 1024w, https:\/\/www.mtknowledge.com\/wp-content\/uploads\/2026\/04\/3d-supportjpg-copia-768x576.jpg 768w, https:\/\/www.mtknowledge.com\/wp-content\/uploads\/2026\/04\/3d-supportjpg-copia-1536x1152.jpg 1536w, https:\/\/www.mtknowledge.com\/wp-content\/uploads\/2026\/04\/3d-supportjpg-copia-16x12.jpg 16w\" sizes=\"(max-width: 2048px) 100vw, 2048px\" \/>\t\t\t\t\t\t\t\t\t\t\t\t\t\t\t<\/div>\n\t\t\t\t<\/div>\n\t\t\t\t<\/div>\n\t\t\t\t<div class=\"elementor-element elementor-element-6ed24fa elementor-widget elementor-widget-text-editor\" data-id=\"6ed24fa\" data-element_type=\"widget\" data-e-type=\"widget\" data-widget_type=\"text-editor.default\">\n\t\t\t\t<div class=\"elementor-widget-container\">\n\t\t\t\t\t\t\t\t\t<p><span style=\"color: #ffffff;\">Estos son soportes impresos en 3D de PETG gris para los servidores mas pesados de nuestra organizaci\u00f3n<\/span><\/p>\t\t\t\t\t\t\t\t<\/div>\n\t\t\t\t<\/div>\n\t\t\t\t<\/div>\n\t\t\t\t\t<\/div>\n\t\t\t\t<\/div>\n\t\t\t\t<\/div>","protected":false},"excerpt":{"rendered":"<p>Alguno de nuestros Proyectos Sensor de Humedad para CPD Lo que se presenta arriba es un prototipo de sensor de humedad y temperatura hecho con una Arduino NANO para monitorear el estado de la sala donde se encuentran nuestros equipos inform\u00e1ticos.Equipado con 3 LEDs de diferentes colores que indican el nivel de humedad de la [&hellip;]<\/p>\n","protected":false},"author":1,"featured_media":0,"parent":0,"menu_order":0,"comment_status":"closed","ping_status":"closed","template":"","meta":{"site-sidebar-layout":"no-sidebar","site-content-layout":"page-builder","ast-site-content-layout":"full-width-container","site-content-style":"unboxed","site-sidebar-style":"unboxed","ast-global-header-display":"","ast-banner-title-visibility":"","ast-main-header-display":"","ast-hfb-above-header-display":"","ast-hfb-below-header-display":"","ast-hfb-mobile-header-display":"","site-post-title":"disabled","ast-breadcrumbs-content":"","ast-featured-img":"disabled","footer-sml-layout":"","ast-disable-related-posts":"","theme-transparent-header-meta":"enabled","adv-header-id-meta":"","stick-header-meta":"","header-above-stick-meta":"","header-main-stick-meta":"","header-below-stick-meta":"","astra-migrate-meta-layouts":"set","ast-page-background-enabled":"default","ast-page-background-meta":{"desktop":{"background-color":"","background-image":"","background-repeat":"repeat","background-position":"center center","background-size":"auto","background-attachment":"scroll","background-type":"","background-media":"","overlay-type":"","overlay-color":"","overlay-opacity":"","overlay-gradient":""},"tablet":{"background-color":"","background-image":"","background-repeat":"repeat","background-position":"center center","background-size":"auto","background-attachment":"scroll","background-type":"","background-media":"","overlay-type":"","overlay-color":"","overlay-opacity":"","overlay-gradient":""},"mobile":{"background-color":"","background-image":"","background-repeat":"repeat","background-position":"center center","background-size":"auto","background-attachment":"scroll","background-type":"","background-media":"","overlay-type":"","overlay-color":"","overlay-opacity":"","overlay-gradient":""}},"ast-content-background-meta":{"desktop":{"background-color":"var(--ast-global-color-5)","background-image":"","background-repeat":"repeat","background-position":"center center","background-size":"auto","background-attachment":"scroll","background-type":"","background-media":"","overlay-type":"","overlay-color":"","overlay-opacity":"","overlay-gradient":""},"tablet":{"background-color":"var(--ast-global-color-5)","background-image":"","background-repeat":"repeat","background-position":"center center","background-size":"auto","background-attachment":"scroll","background-type":"","background-media":"","overlay-type":"","overlay-color":"","overlay-opacity":"","overlay-gradient":""},"mobile":{"background-color":"var(--ast-global-color-5)","background-image":"","background-repeat":"repeat","background-position":"center center","background-size":"auto","background-attachment":"scroll","background-type":"","background-media":"","overlay-type":"","overlay-color":"","overlay-opacity":"","overlay-gradient":""}},"footnotes":""},"class_list":["post-1412","page","type-page","status-publish","hentry"],"_links":{"self":[{"href":"https:\/\/www.mtknowledge.com\/en\/wp-json\/wp\/v2\/pages\/1412","targetHints":{"allow":["GET"]}}],"collection":[{"href":"https:\/\/www.mtknowledge.com\/en\/wp-json\/wp\/v2\/pages"}],"about":[{"href":"https:\/\/www.mtknowledge.com\/en\/wp-json\/wp\/v2\/types\/page"}],"author":[{"embeddable":true,"href":"https:\/\/www.mtknowledge.com\/en\/wp-json\/wp\/v2\/users\/1"}],"replies":[{"embeddable":true,"href":"https:\/\/www.mtknowledge.com\/en\/wp-json\/wp\/v2\/comments?post=1412"}],"version-history":[{"count":96,"href":"https:\/\/www.mtknowledge.com\/en\/wp-json\/wp\/v2\/pages\/1412\/revisions"}],"predecessor-version":[{"id":2203,"href":"https:\/\/www.mtknowledge.com\/en\/wp-json\/wp\/v2\/pages\/1412\/revisions\/2203"}],"wp:attachment":[{"href":"https:\/\/www.mtknowledge.com\/en\/wp-json\/wp\/v2\/media?parent=1412"}],"curies":[{"name":"wp","href":"https:\/\/api.w.org\/{rel}","templated":true}]}}